{"id":534,"date":"2023-11-11T21:55:10","date_gmt":"2023-11-11T21:55:10","guid":{"rendered":"https:\/\/www.intercommiami.com\/?page_id=534"},"modified":"2023-11-11T22:01:44","modified_gmt":"2023-11-11T22:01:44","slug":"blog-posts","status":"publish","type":"page","link":"https:\/\/www.intercommiami.com\/es\/blog-posts\/","title":{"rendered":"Blog Posts"},"content":{"rendered":"<div data-elementor-type=\"wp-page\" data-elementor-id=\"534\" class=\"elementor elementor-534\" data-elementor-post-type=\"page\">\n\t\t\t\t\t\t<section class=\"elementor-section elementor-top-section elementor-element elementor-element-530261c elementor-section-boxed elementor-section-height-default elementor-section-height-default\" data-id=\"530261c\" data-element_type=\"section\">\n\t\t\t\t\t\t<div class=\"elementor-container elementor-column-gap-default\">\n\t\t\t\t\t<div class=\"elementor-column elementor-col-100 elementor-top-column elementor-element elementor-element-e1ace42\" data-id=\"e1ace42\" data-element_type=\"column\">\n\t\t\t<div class=\"elementor-widget-wrap elementor-element-populated\">\n\t\t\t\t\t\t<div class=\"elementor-element elementor-element-c45572e meta-visibility-show section-title-style-style1 title_position_default title_hover_border_default title-default img_hover_animation_default meta_position_default tpg-is-author-icon-show author-image-visibility-icon tpg-category-position-default readmore-btn-default-style grid-hover-overlay-type-always tpg-el-box-border-enable tpg-border-bottom-disable elementor-widget elementor-widget-tpg-grid-layout\" data-id=\"c45572e\" data-element_type=\"widget\" data-widget_type=\"tpg-grid-layout.default\">\n\t\t\t\t<div class=\"elementor-widget-container\">\n\t\t\t\t\t\t\t<div class=\"rt-container-fluid rt-tpg-container tpg-el-main-wrapper clearfix grid-layout1-main\"\n\t\t\t id=\"rt-tpg-container-4294123295\"\n\t\t\t data-layout=\"grid-layout1\"\n\t\t\t data-grid-style=\"tpg-full-height\"\n\t\t\t data-sc-id=\"elementor\"\n\t\t\t data-el-settings=''\n\t\t\t data-el-query=''\n\t\t\t data-el-path=''\n\t\t>\n\t\t\t\t\t\t<div class='tpg-header-wrapper'>\n\t\t\t\t\n        <div class=\"tpg-widget-heading-wrapper rt-clear heading-style1\">\n            <span class=\"tpg-widget-heading-line line-left\"><\/span>\n\t\t\t<h2 class='tpg-widget-heading'>\n\t\t\t\n\t\t\t\t                    <span>\n\t\t\t\t\t\tSection Title\t\t\t\t\t<\/span>\n\t\t\t\t\t\n\t\t\t\t\t\t\t<\/h2>            <span class=\"tpg-widget-heading-line line-right\"><\/span>\n\n\t\t\t\n        <\/div>\n\n\t\t\n\t\t\t\t\t<\/div>\n\n\t\t\t<div data-title=\"Loading ...\" class=\"rt-row rt-content-loader grid-layout1 grid-behaviour tpg-full-height grid_layout_wrapper\">\n\t\t\t\t<div class=\"rt-col-md-4 rt-col-sm-6 rt-col-xs-12 default rt-grid-item post-670 post type-post status-publish format-standard has-post-thumbnail hentry category-uncategorized\"\t\tdata-id=\"670\">\n\t<div class=\"rt-holder tpg-post-holder\">\n\t\t<div class=\"rt-detail rt-el-content-wrapper\">\n\t\t\t\t\t\t\t<div class=\"rt-img-holder tpg-el-image-wrap has-thumbnail\">\n\t\t\t\t\t<a data-id=\"670\" href=\"https:\/\/www.intercommiami.com\/es\/como-elegir-el-mejor-intercomunicador-para-tu-negocio-o-casa\/\" class=\"tpg-post-link\" target=\"_self\">                        <img fetchpriority=\"high\" decoding=\"async\" src=\"https:\/\/www.intercommiami.com\/wp-content\/uploads\/2025\/10\/intercom-v1-768x768.png\"\n                             class=\"rt-img-responsive\"\n                             width=\"768\"\n                             height=\"768\"\n                             alt=\"C\u00f3mo Elegir el Mejor Intercomunicador para tu Negocio o Casa\">\n\t\t\t\t\t\t\n\t\t\t\t\t\t\t\n\t\t<\/a>\n\t\t        <div class=\"overlay grid-hover-content\"><\/div>\n\t\t\t\t\t\t<\/div>\n\t\t\t\n\t\t\t<div class=\"entry-title-wrapper\"><h3 class=\"entry-title\"><a data-id=\"670\" href=\"https:\/\/www.intercommiami.com\/es\/como-elegir-el-mejor-intercomunicador-para-tu-negocio-o-casa\/\" class=\"tpg-post-link\" target=\"_self\">C\u00f3mo Elegir el Mejor Intercomunicador para tu Negocio o Casa<\/a><\/h3><\/div>\n\t\t\t\t\t\t\t<div class=\"post-meta-tags rt-el-post-meta\">\n\t\t\t\t\t            <span class='author'>\n\n\t\t\t\t<i class='fa fa-user'><\/i><span class='author-prefix'>By<\/span><a href=\"https:\/\/www.intercommiami.com\/es\/author\/admin\/\">admin<\/a>\t\t\t<\/span>\n\t\t\t            <span class='date'>\n\t\t\t\t<i class='far fa-calendar-alt'><\/i>\t\t\t\t                    <a href=\"https:\/\/www.intercommiami.com\/es\/2025\/10\/19\/\">\n\t\t\t\t\toctubre 19, 2025\t\t\t\t<\/a>\n\t\t\t\t\t\t\t<\/span>\n\t\t\t            <span class='categories-links'>\n\t\t\t\t<i class='fas fa-folder-open'><\/i><a class=\"uncategorized\" href=\"https:\/\/www.intercommiami.com\/es\/category\/uncategorized\/\">Uncategorized<\/a>\t\t\t<\/span>\n\t\t\t\t\t\t\t<\/div>\n\t\t\t\n\n\t\t\t\t\t\t\t<div class=\"tpg-excerpt tpg-el-excerpt\">\n\t\t\t\t\t\t\t\t\t\t\t<div class=\"tpg-excerpt-inner\">\n\t\t\t\t\t\t\tYa sea que est\u00e9s equipando un espacio comercial o tu vivienda, elegir el sistema de intercomunicaci\u00f3n adecuado va mucho m\u00e1s all\u00e1 de escoger uno que \u201cse vea bien\u201d. El sistema correcto combina...\t\t\t\t\t\t<\/div>\n\t\t\t\t\t\t\t\t\t\t\t\t\t\t<\/div>\n\t\t\t\n\t\t\t        <div class=\"post-footer\">\n            <div class=\"post-footer\">\n                <div class=\"read-more\">\n\t\t\t\t\t<a data-id=\"670\" href=\"https:\/\/www.intercommiami.com\/es\/como-elegir-el-mejor-intercomunicador-para-tu-negocio-o-casa\/\" class=\"tpg-post-link\" target=\"_self\">Read More<\/a>                <\/div>\n            <\/div>\n        <\/div>\n\t\t\t\t<\/div>\n\t<\/div>\n<\/div>\n<div class=\"rt-col-md-4 rt-col-sm-6 rt-col-xs-12 default rt-grid-item post-666 post type-post status-publish format-standard has-post-thumbnail hentry category-uncategorized\"\t\tdata-id=\"666\">\n\t<div class=\"rt-holder tpg-post-holder\">\n\t\t<div class=\"rt-detail rt-el-content-wrapper\">\n\t\t\t\t\t\t\t<div class=\"rt-img-holder tpg-el-image-wrap has-thumbnail\">\n\t\t\t\t\t<a data-id=\"666\" href=\"https:\/\/www.intercommiami.com\/es\/how-to-pick-the-best-intercom-for-your-business-or-home\/\" class=\"tpg-post-link\" target=\"_self\">                        <img decoding=\"async\" src=\"https:\/\/www.intercommiami.com\/wp-content\/uploads\/2025\/10\/intercom-v1-768x768.png\"\n                             class=\"rt-img-responsive\"\n                             width=\"768\"\n                             height=\"768\"\n                             alt=\"How to Pick the Best Intercom for Your Business or Home\">\n\t\t\t\t\t\t\n\t\t\t\t\t\t\t\n\t\t<\/a>\n\t\t        <div class=\"overlay grid-hover-content\"><\/div>\n\t\t\t\t\t\t<\/div>\n\t\t\t\n\t\t\t<div class=\"entry-title-wrapper\"><h3 class=\"entry-title\"><a data-id=\"666\" href=\"https:\/\/www.intercommiami.com\/es\/how-to-pick-the-best-intercom-for-your-business-or-home\/\" class=\"tpg-post-link\" target=\"_self\">How to Pick the Best Intercom for Your Business or Home<\/a><\/h3><\/div>\n\t\t\t\t\t\t\t<div class=\"post-meta-tags rt-el-post-meta\">\n\t\t\t\t\t            <span class='author'>\n\n\t\t\t\t<i class='fa fa-user'><\/i><span class='author-prefix'>By<\/span><a href=\"https:\/\/www.intercommiami.com\/es\/author\/admin\/\">admin<\/a>\t\t\t<\/span>\n\t\t\t            <span class='date'>\n\t\t\t\t<i class='far fa-calendar-alt'><\/i>\t\t\t\t                    <a href=\"https:\/\/www.intercommiami.com\/es\/2025\/10\/19\/\">\n\t\t\t\t\toctubre 19, 2025\t\t\t\t<\/a>\n\t\t\t\t\t\t\t<\/span>\n\t\t\t            <span class='categories-links'>\n\t\t\t\t<i class='fas fa-folder-open'><\/i><a class=\"uncategorized\" href=\"https:\/\/www.intercommiami.com\/es\/category\/uncategorized\/\">Uncategorized<\/a>\t\t\t<\/span>\n\t\t\t\t\t\t\t<\/div>\n\t\t\t\n\n\t\t\t\t\t\t\t<div class=\"tpg-excerpt tpg-el-excerpt\">\n\t\t\t\t\t\t\t\t\t\t\t<div class=\"tpg-excerpt-inner\">\n\t\t\t\t\t\t\tWhether you&#8217;re outfitting a commercial space or your residence, choosing the right intercom system is more than just picking something that \u201clooks cool.\u201d The right system brings communication...\t\t\t\t\t\t<\/div>\n\t\t\t\t\t\t\t\t\t\t\t\t\t\t<\/div>\n\t\t\t\n\t\t\t        <div class=\"post-footer\">\n            <div class=\"post-footer\">\n                <div class=\"read-more\">\n\t\t\t\t\t<a data-id=\"666\" href=\"https:\/\/www.intercommiami.com\/es\/how-to-pick-the-best-intercom-for-your-business-or-home\/\" class=\"tpg-post-link\" target=\"_self\">Read More<\/a>                <\/div>\n            <\/div>\n        <\/div>\n\t\t\t\t<\/div>\n\t<\/div>\n<\/div>\n<div class=\"rt-col-md-4 rt-col-sm-6 rt-col-xs-12 default rt-grid-item post-558 post type-post status-publish format-standard has-post-thumbnail hentry category-uncategorized\"\t\tdata-id=\"558\">\n\t<div class=\"rt-holder tpg-post-holder\">\n\t\t<div class=\"rt-detail rt-el-content-wrapper\">\n\t\t\t\t\t\t\t<div class=\"rt-img-holder tpg-el-image-wrap has-thumbnail\">\n\t\t\t\t\t<a data-id=\"558\" href=\"https:\/\/www.intercommiami.com\/es\/introduccion-a-la-resolucion-de-problemas-del-sistema-de-intercomunicacion\/\" class=\"tpg-post-link\" target=\"_self\">                        <img decoding=\"async\" src=\"https:\/\/www.intercommiami.com\/wp-content\/uploads\/2023\/11\/intercomunicador-troubleshooting-2.jpg\"\n                             class=\"rt-img-responsive\"\n                             width=\"700\"\n                             height=\"700\"\n                             alt=\"Intercom System Troubleshooting\">\n\t\t\t\t\t\t\n\t\t\t\t\t\t\t\n\t\t<\/a>\n\t\t        <div class=\"overlay grid-hover-content\"><\/div>\n\t\t\t\t\t\t<\/div>\n\t\t\t\n\t\t\t<div class=\"entry-title-wrapper\"><h3 class=\"entry-title\"><a data-id=\"558\" href=\"https:\/\/www.intercommiami.com\/es\/introduccion-a-la-resolucion-de-problemas-del-sistema-de-intercomunicacion\/\" class=\"tpg-post-link\" target=\"_self\">Introducci\u00f3n a la Resoluci\u00f3n de Problemas del Sistema de Intercomunicaci\u00f3n<\/a><\/h3><\/div>\n\t\t\t\t\t\t\t<div class=\"post-meta-tags rt-el-post-meta\">\n\t\t\t\t\t            <span class='author'>\n\n\t\t\t\t<i class='fa fa-user'><\/i><span class='author-prefix'>By<\/span><a href=\"https:\/\/www.intercommiami.com\/es\/author\/admin\/\">admin<\/a>\t\t\t<\/span>\n\t\t\t            <span class='date'>\n\t\t\t\t<i class='far fa-calendar-alt'><\/i>\t\t\t\t                    <a href=\"https:\/\/www.intercommiami.com\/es\/2023\/11\/11\/\">\n\t\t\t\t\tnoviembre 11, 2023\t\t\t\t<\/a>\n\t\t\t\t\t\t\t<\/span>\n\t\t\t            <span class='categories-links'>\n\t\t\t\t<i class='fas fa-folder-open'><\/i><a class=\"uncategorized\" href=\"https:\/\/www.intercommiami.com\/es\/category\/uncategorized\/\">Uncategorized<\/a>\t\t\t<\/span>\n\t\t\t\t\t\t\t<\/div>\n\t\t\t\n\n\t\t\t\t\t\t\t<div class=\"tpg-excerpt tpg-el-excerpt\">\n\t\t\t\t\t\t\t\t\t\t\t<div class=\"tpg-excerpt-inner\">\n\t\t\t\t\t\t\tLos sistemas de intercomunicaci\u00f3n son vitales para una comunicaci\u00f3n efectiva en muchos hogares y negocios. Generalmente son confiables, pero como toda tecnolog\u00eda, a veces pueden presentar problemas...\t\t\t\t\t\t<\/div>\n\t\t\t\t\t\t\t\t\t\t\t\t\t\t<\/div>\n\t\t\t\n\t\t\t        <div class=\"post-footer\">\n            <div class=\"post-footer\">\n                <div class=\"read-more\">\n\t\t\t\t\t<a data-id=\"558\" href=\"https:\/\/www.intercommiami.com\/es\/introduccion-a-la-resolucion-de-problemas-del-sistema-de-intercomunicacion\/\" class=\"tpg-post-link\" target=\"_self\">Read More<\/a>                <\/div>\n            <\/div>\n        <\/div>\n\t\t\t\t<\/div>\n\t<\/div>\n<\/div>\n<div class=\"rt-col-md-4 rt-col-sm-6 rt-col-xs-12 default rt-grid-item post-532 post type-post status-publish format-standard has-post-thumbnail hentry category-uncategorized\"\t\tdata-id=\"532\">\n\t<div class=\"rt-holder tpg-post-holder\">\n\t\t<div class=\"rt-detail rt-el-content-wrapper\">\n\t\t\t\t\t\t\t<div class=\"rt-img-holder tpg-el-image-wrap has-thumbnail\">\n\t\t\t\t\t<a data-id=\"532\" href=\"https:\/\/www.intercommiami.com\/es\/intercom-system-troubleshooting\/\" class=\"tpg-post-link\" target=\"_self\">                        <img decoding=\"async\" src=\"https:\/\/www.intercommiami.com\/wp-content\/uploads\/2023\/11\/intercomunicador-troubleshooting-2.jpg\"\n                             class=\"rt-img-responsive\"\n                             width=\"700\"\n                             height=\"700\"\n                             alt=\"Intercom System Troubleshooting\">\n\t\t\t\t\t\t\n\t\t\t\t\t\t\t\n\t\t<\/a>\n\t\t        <div class=\"overlay grid-hover-content\"><\/div>\n\t\t\t\t\t\t<\/div>\n\t\t\t\n\t\t\t<div class=\"entry-title-wrapper\"><h3 class=\"entry-title\"><a data-id=\"532\" href=\"https:\/\/www.intercommiami.com\/es\/intercom-system-troubleshooting\/\" class=\"tpg-post-link\" target=\"_self\">Intercom System Troubleshooting<\/a><\/h3><\/div>\n\t\t\t\t\t\t\t<div class=\"post-meta-tags rt-el-post-meta\">\n\t\t\t\t\t            <span class='author'>\n\n\t\t\t\t<i class='fa fa-user'><\/i><span class='author-prefix'>By<\/span><a href=\"https:\/\/www.intercommiami.com\/es\/author\/admin\/\">admin<\/a>\t\t\t<\/span>\n\t\t\t            <span class='date'>\n\t\t\t\t<i class='far fa-calendar-alt'><\/i>\t\t\t\t                    <a href=\"https:\/\/www.intercommiami.com\/es\/2023\/11\/11\/\">\n\t\t\t\t\tnoviembre 11, 2023\t\t\t\t<\/a>\n\t\t\t\t\t\t\t<\/span>\n\t\t\t            <span class='categories-links'>\n\t\t\t\t<i class='fas fa-folder-open'><\/i><a class=\"uncategorized\" href=\"https:\/\/www.intercommiami.com\/es\/category\/uncategorized\/\">Uncategorized<\/a>\t\t\t<\/span>\n\t\t\t\t\t\t\t<\/div>\n\t\t\t\n\n\t\t\t\t\t\t\t<div class=\"tpg-excerpt tpg-el-excerpt\">\n\t\t\t\t\t\t\t\t\t\t\t<div class=\"tpg-excerpt-inner\">\n\t\t\t\t\t\t\tIntroduction to Intercom System Troubleshooting Intercom systems are vital for effective communication in many homes and businesses. They are generally reliable, but like all technology, they can...\t\t\t\t\t\t<\/div>\n\t\t\t\t\t\t\t\t\t\t\t\t\t\t<\/div>\n\t\t\t\n\t\t\t        <div class=\"post-footer\">\n            <div class=\"post-footer\">\n                <div class=\"read-more\">\n\t\t\t\t\t<a data-id=\"532\" href=\"https:\/\/www.intercommiami.com\/es\/intercom-system-troubleshooting\/\" class=\"tpg-post-link\" target=\"_self\">Read More<\/a>                <\/div>\n            <\/div>\n        <\/div>\n\t\t\t\t<\/div>\n\t<\/div>\n<\/div>\n\t\t\t<\/div>\n\t\t\t\n\t\t<\/div>\n\t\t\t\t\t\t<\/div>\n\t\t\t\t<\/div>\n\t\t\t\t\t<\/div>\n\t\t<\/div>\n\t\t\t\t\t<\/div>\n\t\t<\/section>\n\t\t\t\t<\/div>","protected":false},"excerpt":{"rendered":"<p>Section Title Intercom System Troubleshooting Byadmin November 11, 2023 Uncategorized Introduction to Intercom System Troubleshooting Intercom systems are vital for effective communication in many homes and businesses. They are generally reliable, but like all technology, they can&#8230; Read More Hello world! Byadmin September 28, 2022 Uncategorized Welcome to WordPress. This is your first post. Edit [&hellip;]<\/p>","protected":false},"author":1,"featured_media":0,"parent":0,"menu_order":0,"comment_status":"closed","ping_status":"closed","template":"","meta":{"_uag_custom_page_level_css":"","site-sidebar-layout":"no-sidebar","site-content-layout":"page-builder","ast-site-content-layout":"full-width-container","site-content-style":"default","site-sidebar-style":"default","ast-global-header-display":"","ast-banner-title-visibility":"","ast-main-header-display":"","ast-hfb-above-header-display":"","ast-hfb-below-header-display":"","ast-hfb-mobile-header-display":"","site-post-title":"disabled","ast-breadcrumbs-content":"","ast-featured-img":"disabled","footer-sml-layout":"","theme-transparent-header-meta":"","adv-header-id-meta":"","stick-header-meta":"","header-above-stick-meta":"","header-main-stick-meta":"","header-below-stick-meta":"","astra-migrate-meta-layouts":"set","ast-page-background-enabled":"default","ast-page-background-meta":{"desktop":{"background-color":"var(--ast-global-color-4)","background-image":"","background-repeat":"repeat","background-position":"center center","background-size":"auto","background-attachment":"scroll","background-type":"","background-media":"","overlay-type":"","overlay-color":"","overlay-opacity":"","overlay-gradient":""},"tablet":{"background-color":"","background-image":"","background-repeat":"repeat","background-position":"center center","background-size":"auto","background-attachment":"scroll","background-type":"","background-media":"","overlay-type":"","overlay-color":"","overlay-opacity":"","overlay-gradient":""},"mobile":{"background-color":"","background-image":"","background-repeat":"repeat","background-position":"center center","background-size":"auto","background-attachment":"scroll","background-type":"","background-media":"","overlay-type":"","overlay-color":"","overlay-opacity":"","overlay-gradient":""}},"ast-content-background-meta":{"desktop":{"background-color":"var(--ast-global-color-5)","background-image":"","background-repeat":"repeat","background-position":"center center","background-size":"auto","background-attachment":"scroll","background-type":"","background-media":"","overlay-type":"","overlay-color":"","overlay-opacity":"","overlay-gradient":""},"tablet":{"background-color":"var(--ast-global-color-5)","background-image":"","background-repeat":"repeat","background-position":"center center","background-size":"auto","background-attachment":"scroll","background-type":"","background-media":"","overlay-type":"","overlay-color":"","overlay-opacity":"","overlay-gradient":""},"mobile":{"background-color":"var(--ast-global-color-5)","background-image":"","background-repeat":"repeat","background-position":"center center","background-size":"auto","background-attachment":"scroll","background-type":"","background-media":"","overlay-type":"","overlay-color":"","overlay-opacity":"","overlay-gradient":""}},"footnotes":""},"class_list":["post-534","page","type-page","status-publish","hentry"],"uagb_featured_image_src":{"full":false,"thumbnail":false,"medium":false,"medium_large":false,"large":false,"1536x1536":false,"2048x2048":false,"trp-custom-language-flag":false},"uagb_author_info":{"display_name":"admin","author_link":"https:\/\/www.intercommiami.com\/es\/author\/admin\/"},"uagb_comment_info":0,"uagb_excerpt":"Section Title Intercom System Troubleshooting Byadmin November 11, 2023 Uncategorized Introduction to Intercom System Troubleshooting Intercom systems are vital for effective communication in many homes and businesses. They are generally reliable, but like all technology, they can&#8230; Read More Hello world! Byadmin September 28, 2022 Uncategorized Welcome to WordPress. This is your first post. Edit&hellip;","rttpg_featured_image_url":null,"rttpg_author":{"display_name":"admin","author_link":"https:\/\/www.intercommiami.com\/es\/author\/admin\/"},"rttpg_comment":0,"rttpg_category":"","rttpg_excerpt":"Section Title Intercom System Troubleshooting Byadmin November 11, 2023 Uncategorized Introduction to Intercom System Troubleshooting Intercom systems are vital for effective communication in many homes and businesses. They are generally reliable, but like all technology, they can&#8230; Read More Hello world! Byadmin September 28, 2022 Uncategorized Welcome to WordPress. This is your first post. Edit&hellip;","_links":{"self":[{"href":"https:\/\/www.intercommiami.com\/es\/wp-json\/wp\/v2\/pages\/534","targetHints":{"allow":["GET"]}}],"collection":[{"href":"https:\/\/www.intercommiami.com\/es\/wp-json\/wp\/v2\/pages"}],"about":[{"href":"https:\/\/www.intercommiami.com\/es\/wp-json\/wp\/v2\/types\/page"}],"author":[{"embeddable":true,"href":"https:\/\/www.intercommiami.com\/es\/wp-json\/wp\/v2\/users\/1"}],"replies":[{"embeddable":true,"href":"https:\/\/www.intercommiami.com\/es\/wp-json\/wp\/v2\/comments?post=534"}],"version-history":[{"count":13,"href":"https:\/\/www.intercommiami.com\/es\/wp-json\/wp\/v2\/pages\/534\/revisions"}],"predecessor-version":[{"id":551,"href":"https:\/\/www.intercommiami.com\/es\/wp-json\/wp\/v2\/pages\/534\/revisions\/551"}],"wp:attachment":[{"href":"https:\/\/www.intercommiami.com\/es\/wp-json\/wp\/v2\/media?parent=534"}],"curies":[{"name":"wp","href":"https:\/\/api.w.org\/{rel}","templated":true}]}}